{"id":2,"date":"2022-07-09T14:36:55","date_gmt":"2022-07-09T14:36:55","guid":{"rendered":"https:\/\/fitworldgym.ro\/?page_id=2"},"modified":"2025-01-08T14:57:46","modified_gmt":"2025-01-08T14:57:46","slug":"acasa","status":"publish","type":"page","link":"https:\/\/fitworldgym.ro\/hu\/","title":{"rendered":"Home"},"content":{"rendered":"[et_pb_section fb_built=&#8221;1&#8243; fullwidth=&#8221;on&#8221; _builder_version=&#8221;4.17.6&#8243; _module_preset=&#8221;default&#8221; hover_enabled=&#8221;0&#8243; global_colors_info=&#8221;{}&#8221; sticky_enabled=&#8221;0&#8243;][et_pb_fullwidth_slider module_class=&#8221;home-slider&#8221; _builder_version=&#8221;4.17.6&#8243; _module_preset=&#8221;default&#8221; header_font=&#8221;|||on|||||&#8221; header_text_color=&#8221;#FF6700&#8243; header_font_size=&#8221;43px&#8221; header_line_height=&#8221;1.9em&#8221; custom_button=&#8221;on&#8221; button_use_icon=&#8221;off&#8221; button_custom_padding=&#8221;10px|50px|10px|50px|true|true&#8221; content_max_width=&#8221;900px&#8221; hover_enabled=&#8221;0&#8243; header_font_size_tablet=&#8221;30px&#8221; header_font_size_phone=&#8221;20px&#8221; header_font_size_last_edited=&#8221;on|phone&#8221; global_colors_info=&#8221;{}&#8221; sticky_enabled=&#8221;0&#8243; auto=&#8221;on&#8221; auto_speed=&#8221;5000&#8243;][et_pb_slide heading=&#8221;Vrei s\u0103 devii mai s\u0103n\u0103tos, mai puternic \u0219i mai preg\u0103tit?&#8221; button_text=&#8221;Contacteaz\u0103-ne!&#8221; button_link=&#8221;#contact&#8221; _builder_version=&#8221;4.17.6&#8243; _module_preset=&#8221;default&#8221; background_image=&#8221;https:\/\/fitworldgym.ro\/wp-content\/uploads\/2024\/12\/fit-world-gym-1.jpg&#8221; background_enable_image=&#8221;on&#8221; hover_enabled=&#8221;0&#8243; global_colors_info=&#8221;{}&#8221; sticky_transition=&#8221;on&#8221; title_text=&#8221;fit-world-gym-1&#8243; sticky_enabled=&#8221;0&#8243; use_bg_overlay=&#8221;on&#8221; use_text_overlay=&#8221;off&#8221; hover_transition_duration=&#8221;500ms&#8221;][\/et_pb_slide][et_pb_slide heading=&#8221;Vrei s\u0103 ai un corp de invidiat?&#8221; button_text=&#8221;Contacteaz\u0103-ne!&#8221; button_link=&#8221;#contact&#8221; _builder_version=&#8221;4.17.6&#8243; _module_preset=&#8221;default&#8221; background_image=&#8221;https:\/\/fitworldgym.ro\/wp-content\/uploads\/2024\/12\/fit-world-gym-3.jpg&#8221; background_enable_image=&#8221;on&#8221; hover_enabled=&#8221;0&#8243; global_colors_info=&#8221;{}&#8221; sticky_transition=&#8221;on&#8221; title_text=&#8221;fit-world-gym-3&#8243; sticky_enabled=&#8221;0&#8243; hover_transition_duration=&#8221;500ms&#8221;][\/et_pb_slide][et_pb_slide heading=&#8221;Vrei s\u0103 fii \u00een form\u0103 zi de zi?&#8221; button_text=&#8221;Contacteaz\u0103-ne!&#8221; button_link=&#8221;#contact&#8221; _builder_version=&#8221;4.17.6&#8243; _module_preset=&#8221;default&#8221; background_image=&#8221;https:\/\/fitworldgym.ro\/wp-content\/uploads\/2024\/12\/fit-world-gym-2.jpg&#8221; background_enable_image=&#8221;on&#8221; hover_enabled=&#8221;0&#8243; global_colors_info=&#8221;{}&#8221; sticky_transition=&#8221;on&#8221; title_text=&#8221;fit-world-gym-2&#8243; sticky_enabled=&#8221;0&#8243; hover_transition_duration=&#8221;500ms&#8221;][\/et_pb_slide][\/et_pb_fullwidth_slider][\/et_pb_section][et_pb_section fb_built=&#8221;1&#8243; admin_label=&#8221;Ce va oferim&#8221; _builder_version=&#8221;4.17.6&#8243; _module_preset=&#8221;default&#8221; global_colors_info=&#8221;{}&#8221;][et_pb_row _builder_version=&#8221;4.17.6&#8243; _module_preset=&#8221;default&#8221; global_colors_info=&#8221;{}&#8221;][et_pb_column type=&#8221;4_4&#8243; _builder_version=&#8221;4.17.6&#8243; _module_preset=&#8221;default&#8221; global_colors_info=&#8221;{}&#8221;][et_pb_text _builder_version=&#8221;4.17.6&#8243; _module_preset=&#8221;default&#8221; text_font_size=&#8221;16px&#8221; text_line_height=&#8221;1.8em&#8221; header_line_height=&#8221;1.9em&#8221; max_width=&#8221;1224px&#8221; module_alignment=&#8221;center&#8221; global_colors_info=&#8221;{}&#8221;]<h1 style=\"text-align: center;\">MIT K\u00cdN\u00c1LUNK?<\/h1>\n<p style=\"text-align: center;\">A FitWorld Gym Salonta elk\u00f6telezett amellett, hogy teljes k\u00f6r\u0171 fitnesz\u00e9lm\u00e9nyt ny\u00fajtson bar\u00e1ts\u00e1gos \u00e9s motiv\u00e1l\u00f3 k\u00f6rnyezetben. Legyen \u00d6n kezd\u0151 vagy tapasztalt sportol\u00f3, n\u00e1lunk mindent megtal\u00e1l, amire sz\u00fcks\u00e9ge van az eg\u00e9szs\u00e9gi \u00e9s teljes\u00edtm\u00e9nyc\u00e9ljainak el\u00e9r\u00e9s\u00e9hez.\nA FitWorld Gym azzal a c\u00e9llal j\u00f6tt l\u00e9tre, hogy min\u00e9l t\u00f6bb embert inspir\u00e1ljon az EG\u00c9SZS\u00c9GES \u00c9S SZ\u00c9P \u00c9LETM\u00d3D felkarol\u00e1s\u00e1ra.<br \/>\u00d6r\u00f6mmel v\u00e1rjuk \u00d6nt Salont\u00e1n!<\/p>[\/et_pb_text][\/et_pb_column][\/et_pb_row][et_pb_row column_structure=&#8221;1_2,1_2&#8243; _builder_version=&#8221;4.17.6&#8243; _module_preset=&#8221;default&#8221; max_width=&#8221;650px&#8221; module_alignment=&#8221;center&#8221; custom_css_main_element=&#8221;@media only screen and (max-width: 759px) {||display: flex;||}||&#8221; global_colors_info=&#8221;{}&#8221;][et_pb_column type=&#8221;1_2&#8243; _builder_version=&#8221;4.17.6&#8243; _module_preset=&#8221;default&#8221; global_colors_info=&#8221;{}&#8221;][et_pb_button button_url=&#8221;@ET-DC@eyJkeW5hbWljIjp0cnVlLCJjb250ZW50IjoicG9zdF9saW5rX3VybF9wYWdlIiwic2V0dGluZ3MiOnsicG9zdF9pZCI6IjE4MyJ9fQ==@&#8221; button_text=&#8221;AFL\u0102 MAI MULTE DESPRE NOI&#8221; button_alignment=&#8221;center&#8221; _builder_version=&#8221;4.17.6&#8243; _dynamic_attributes=&#8221;button_url&#8221; _module_preset=&#8221;default&#8221; custom_button=&#8221;on&#8221; button_use_icon=&#8221;off&#8221; custom_padding=&#8221;10px|50px|10px|50px|true|true&#8221; custom_css_main_element=&#8221;width: 295px;&#8221; global_colors_info=&#8221;{}&#8221; button_bg_color__hover_enabled=&#8221;on|hover&#8221; button_bg_color__hover=&#8221;&#8221; button_bg_enable_color__hover=&#8221;off&#8221; button_text_color__hover_enabled=&#8221;on|hover&#8221; button_text_color__hover=&#8221;#FFFFFF&#8221;][\/et_pb_button][\/et_pb_column][et_pb_column type=&#8221;1_2&#8243; _builder_version=&#8221;4.17.6&#8243; _module_preset=&#8221;default&#8221; global_colors_info=&#8221;{}&#8221;][et_pb_button button_url=&#8221;@ET-DC@eyJkeW5hbWljIjp0cnVlLCJjb250ZW50IjoicG9zdF9saW5rX3VybF9wYWdlIiwic2V0dGluZ3MiOnsicG9zdF9pZCI6IjE4OSJ9fQ==@&#8221; button_text=&#8221;DESCOPER\u0102 ABONAMENTELE NOASTRE&#8221; button_alignment=&#8221;center&#8221; _builder_version=&#8221;4.17.6&#8243; _dynamic_attributes=&#8221;button_url&#8221; _module_preset=&#8221;default&#8221; custom_button=&#8221;on&#8221; button_use_icon=&#8221;off&#8221; custom_padding=&#8221;10px|50px|10px|50px|true|true&#8221; custom_css_main_element=&#8221;width: 295px;&#8221; global_colors_info=&#8221;{}&#8221; button_bg_color__hover_enabled=&#8221;on|hover&#8221; button_bg_color__hover=&#8221;&#8221; button_bg_enable_color__hover=&#8221;off&#8221; button_text_color__hover_enabled=&#8221;on|hover&#8221; button_text_color__hover=&#8221;#FFFFFF&#8221;][\/et_pb_button][\/et_pb_column][\/et_pb_row][\/et_pb_section][et_pb_section fb_built=&#8221;1&#8243; _builder_version=&#8221;4.17.6&#8243; _module_preset=&#8221;default&#8221; background_color=&#8221;#101112&#8243; background_image=&#8221;https:\/\/fitworldgym.ro\/wp-content\/uploads\/2022\/07\/bkg-echipa.png&#8221; global_colors_info=&#8221;{}&#8221;][et_pb_row _builder_version=&#8221;4.17.6&#8243; _module_preset=&#8221;default&#8221; global_colors_info=&#8221;{}&#8221;][et_pb_column type=&#8221;4_4&#8243; _builder_version=&#8221;4.17.6&#8243; _module_preset=&#8221;default&#8221; global_colors_info=&#8221;{}&#8221;][et_pb_text _builder_version=&#8221;4.17.6&#8243; _module_preset=&#8221;default&#8221; header_2_font_size=&#8221;30px&#8221; header_2_line_height=&#8221;1.9em&#8221; global_colors_info=&#8221;{}&#8221;]<h2 style=\"text-align: center;\">KIK VAGYUNK?<\/h2>[\/et_pb_text][et_pb_code _builder_version=&#8221;4.17.6&#8243; _module_preset=&#8221;default&#8221; text_orientation=&#8221;center&#8221; global_colors_info=&#8221;{}&#8221;]<div class=\"swiper-box\">\n\t<div class=\"swiper swiper-container swiper-carousel-container\">\n\t\t<div class=\"swiper-wrapper\"><div class=\"swiper-slide\"><div class=\"team-card\"><a href=\"https:\/\/fitworldgym.ro\/hu\/team\/andtrenor4\/\" title=\"Codru\u021ba Coroian\"><\/a><div class=\"team-thumbnail\"><img loading=\"lazy\" decoding=\"async\" width=\"640\" height=\"640\" src=\"https:\/\/fitworldgym.ro\/wp-content\/uploads\/2024\/12\/codruta-coroian.jpg\" class=\"attachment-post-thumbnail size-post-thumbnail wp-post-image\" alt=\"\" srcset=\"https:\/\/fitworldgym.ro\/wp-content\/uploads\/2024\/12\/codruta-coroian.jpg 640w, https:\/\/fitworldgym.ro\/wp-content\/uploads\/2024\/12\/codruta-coroian-480x480.jpg 480w\" sizes=\"auto, (min-width: 0px) and (max-width: 480px) 480px, (min-width: 481px) 640px, 100vw\" \/><\/div><h3 class=\"team-name\">Codru\u021ba Coroian<\/h3><div class=\"team-excerpt\">PERSONAL TRAINER<\/div><\/div><\/div><div class=\"swiper-slide\"><div class=\"team-card\"><a href=\"https:\/\/fitworldgym.ro\/hu\/team\/antrenor1\/\" title=\"Bianka Beidak\"><\/a><div class=\"team-thumbnail\"><img loading=\"lazy\" decoding=\"async\" width=\"640\" height=\"640\" src=\"https:\/\/fitworldgym.ro\/wp-content\/uploads\/2022\/07\/Bianka-Beidak.jpg\" class=\"attachment-post-thumbnail size-post-thumbnail wp-post-image\" alt=\"\" srcset=\"https:\/\/fitworldgym.ro\/wp-content\/uploads\/2022\/07\/Bianka-Beidak.jpg 640w, https:\/\/fitworldgym.ro\/wp-content\/uploads\/2022\/07\/Bianka-Beidak-480x480.jpg 480w\" sizes=\"auto, (min-width: 0px) and (max-width: 480px) 480px, (min-width: 481px) 640px, 100vw\" \/><\/div><h3 class=\"team-name\">Bianka Beidak<\/h3><div class=\"team-excerpt\">PERSONAL TRAINER<\/div><\/div><\/div><div class=\"swiper-slide\"><div class=\"team-card\"><a href=\"https:\/\/fitworldgym.ro\/hu\/team\/antrenor2\/\" title=\"Cristian Kovacs\"><\/a><div class=\"team-thumbnail\"><img loading=\"lazy\" decoding=\"async\" width=\"640\" height=\"640\" src=\"https:\/\/fitworldgym.ro\/wp-content\/uploads\/2022\/07\/Cristian-Kovacs.jpg\" class=\"attachment-post-thumbnail size-post-thumbnail wp-post-image\" alt=\"\" srcset=\"https:\/\/fitworldgym.ro\/wp-content\/uploads\/2022\/07\/Cristian-Kovacs.jpg 640w, https:\/\/fitworldgym.ro\/wp-content\/uploads\/2022\/07\/Cristian-Kovacs-480x480.jpg 480w\" sizes=\"auto, (min-width: 0px) and (max-width: 480px) 480px, (min-width: 481px) 640px, 100vw\" \/><\/div><h3 class=\"team-name\">Cristian Kovacs<\/h3><div class=\"team-excerpt\">PERSONAL TRAINER<\/div><\/div><\/div><div class=\"swiper-slide\"><div class=\"team-card\"><a href=\"https:\/\/fitworldgym.ro\/hu\/team\/antrenor3\/\" title=\"Tunde Modi\"><\/a><div class=\"team-thumbnail\"><img loading=\"lazy\" decoding=\"async\" width=\"640\" height=\"640\" src=\"https:\/\/fitworldgym.ro\/wp-content\/uploads\/2022\/07\/Tunde-Modi.jpg\" class=\"attachment-post-thumbnail size-post-thumbnail wp-post-image\" alt=\"\" srcset=\"https:\/\/fitworldgym.ro\/wp-content\/uploads\/2022\/07\/Tunde-Modi.jpg 640w, https:\/\/fitworldgym.ro\/wp-content\/uploads\/2022\/07\/Tunde-Modi-480x480.jpg 480w\" sizes=\"auto, (min-width: 0px) and (max-width: 480px) 480px, (min-width: 481px) 640px, 100vw\" \/><\/div><h3 class=\"team-name\">Tunde Modi<\/h3><div class=\"team-excerpt\">PERSONAL TRAINER<\/div><\/div><\/div>\t\t<\/div>\n\t\t\n\t\t\n\t<\/div>\n\t<!-- If we need pagination -->\n\t<div class=\"swiper-button-next\"><\/div>\n\t<div class=\"swiper-button-prev\"><\/div>\n\t<div class=\"swiper-pagination\"><\/div>\n<\/div>\n<script defer>\n\n$(function(){\n\n\tconst swiper = new Swiper('.swiper-carousel-container', {\n\t\t\tspaceBetween: 30,\n\t\t\tslidesPerView: 3,\n\t\t\tslidesPerGroup: 3,\n\t\t\tloop: true,\n\t\t\tloopFillGroupWithBlank: true,\n\t\t\t\/*\n\t\t\tpagination: {\n\t\t\t\tel: \".swiper-pagination\",\n\t\t\t\tclickable: true,\n\t\t\t},\n\t\t\t\n\t\t\t *\/\n\t\t\tnavigation: {\n\t\t\t\tnextEl: \".swiper-button-next\",\n\t\t\t\tprevEl: \".swiper-button-prev\",\n\t\t\t},\n\t\t  \n\t\t  breakpoints: {\n\t\t\t768: {\n\t\t\t\tslidesPerView: 3,\n\t\t\t\tslidesPerGroup: 3,\n\n\t\t\t},\n\t\t\t320: {\n\t\t\t\tslidesPerView: 1,\n\t\t\t\tslidesPerGroup: 1,\n\n\t\t\t},\n\t\t}\n\n\t});\n\n});\n\n\n<\/script>[\/et_pb_code][\/et_pb_column][\/et_pb_row][et_pb_row _builder_version=&#8221;4.17.6&#8243; _module_preset=&#8221;default&#8221; global_colors_info=&#8221;{}&#8221;][et_pb_column type=&#8221;4_4&#8243; _builder_version=&#8221;4.17.6&#8243; _module_preset=&#8221;default&#8221; global_colors_info=&#8221;{}&#8221;][et_pb_button button_url=&#8221;@ET-DC@eyJkeW5hbWljIjp0cnVlLCJjb250ZW50IjoicG9zdF9saW5rX3VybF9wYWdlIiwic2V0dGluZ3MiOnsicG9zdF9pZCI6IjE4NSJ9fQ==@&#8221; button_text=&#8221;TOAT\u0102 ECHIPA&#8221; button_alignment=&#8221;center&#8221; _builder_version=&#8221;4.17.6&#8243; _dynamic_attributes=&#8221;button_url&#8221; _module_preset=&#8221;default&#8221; custom_button=&#8221;on&#8221; button_use_icon=&#8221;off&#8221; custom_padding=&#8221;10px|50px|10px|50px|true|true&#8221; global_colors_info=&#8221;{}&#8221; button_bg_color__hover_enabled=&#8221;on|hover&#8221; button_bg_color__hover=&#8221;&#8221; button_bg_enable_color__hover=&#8221;off&#8221; button_text_color__hover_enabled=&#8221;on|hover&#8221; button_text_color__hover=&#8221;#FFFFFF&#8221;][\/et_pb_button][\/et_pb_column][\/et_pb_row][\/et_pb_section][et_pb_section fb_built=&#8221;1&#8243; _builder_version=&#8221;4.17.6&#8243; _module_preset=&#8221;default&#8221; custom_padding=&#8221;||18px||false|false&#8221; global_colors_info=&#8221;{}&#8221;][et_pb_row _builder_version=&#8221;4.17.6&#8243; _module_preset=&#8221;default&#8221; custom_padding=&#8221;0px||0px||true|false&#8221; global_colors_info=&#8221;{}&#8221;][et_pb_column type=&#8221;4_4&#8243; _builder_version=&#8221;4.17.6&#8243; _module_preset=&#8221;default&#8221; global_colors_info=&#8221;{}&#8221;][et_pb_gallery gallery_ids=&#8221;435,434,433,432,431,430,429,428,427,426,425,424&#8243; gallery_orderby=&#8221;rand&#8221; posts_number=&#8221;12&#8243; show_title_and_caption=&#8221;off&#8221; show_pagination=&#8221;off&#8221; hover_overlay_color=&#8221;rgba(24,27,28,0.65)&#8221; _builder_version=&#8221;4.17.6&#8243; _module_preset=&#8221;default&#8221; global_colors_info=&#8221;{}&#8221;][\/et_pb_gallery][\/et_pb_column][\/et_pb_row][\/et_pb_section]","protected":false},"excerpt":{"rendered":"","protected":false},"author":1,"featured_media":0,"parent":0,"menu_order":0,"comment_status":"closed","ping_status":"closed","template":"","meta":{"_acf_changed":false,"_et_pb_use_builder":"on","_et_pb_old_content":"<!-- wp:paragraph -->\n<p>This is an example page. It's different from a blog post because it will stay in one place and will show up in your site navigation (in most themes). Most people start with an About page that introduces them to potential site visitors. It might say something like this:<\/p>\n<!-- \/wp:paragraph -->\n\n<!-- wp:quote -->\n<blockquote class=\"wp-block-quote\"><!-- wp:paragraph -->\n<p>Hi there! I'm a bike messenger by day, aspiring actor by night, and this is my website. I live in Los Angeles, have a great dog named Jack, and I like pi\u00f1a coladas. (And gettin' caught in the rain.)<\/p>\n<!-- \/wp:paragraph --><\/blockquote>\n<!-- \/wp:quote -->\n\n<!-- wp:paragraph -->\n<p>...or something like this:<\/p>\n<!-- \/wp:paragraph -->\n\n<!-- wp:quote -->\n<blockquote class=\"wp-block-quote\"><!-- wp:paragraph -->\n<p>The XYZ Doohickey Company was founded in 1971, and has been providing quality doohickeys to the public ever since. Located in Gotham City, XYZ employs over 2,000 people and does all kinds of awesome things for the Gotham community.<\/p>\n<!-- \/wp:paragraph --><\/blockquote>\n<!-- \/wp:quote -->\n\n<!-- wp:paragraph -->\n<p>As a new WordPress user, you should go to <a href=\"https:\/\/fitworldgym.ro\/wp-admin\/\">your dashboard<\/a> to delete this page and create new pages for your content. Have fun!<\/p>\n<!-- \/wp:paragraph -->","_et_gb_content_width":"","inline_featured_image":false,"footnotes":""},"class_list":["post-2","page","type-page","status-publish","hentry"],"acf":[],"yoast_head":"<!-- This site is optimized with the Yoast SEO plugin v27.3 - https:\/\/yoast.com\/product\/yoast-seo-wordpress\/ -->\n<title>Home - Fit World Gym<\/title>\n<meta name=\"description\" content=\"La FitWorld Gym Salonta, ne angaj\u0103m s\u0103 v\u0103 oferim o experien\u021b\u0103 complet\u0103 de fitness, \u00eentr-un mediu prietenos \u0219i motivant. Fie c\u0103 sunte\u021bi la \u00eenceput de drum sau un sportiv experimentat, avem tot ce v\u0103 trebuie pentru a v\u0103 atinge obiectivele de s\u0103n\u0103tate \u0219i performan\u021b\u0103.\" \/>\n<meta name=\"robots\" content=\"index, follow, max-snippet:-1, max-image-preview:large, max-video-preview:-1\" \/>\n<link rel=\"canonical\" href=\"https:\/\/fitworldgym.ro\/hu\/\" \/>\n<meta property=\"og:locale\" content=\"hu_HU\" \/>\n<meta property=\"og:type\" content=\"article\" \/>\n<meta property=\"og:title\" content=\"Home - Fit World Gym\" \/>\n<meta property=\"og:description\" content=\"La FitWorld Gym Salonta, ne angaj\u0103m s\u0103 v\u0103 oferim o experien\u021b\u0103 complet\u0103 de fitness, \u00eentr-un mediu prietenos \u0219i motivant. Fie c\u0103 sunte\u021bi la \u00eenceput de drum sau un sportiv experimentat, avem tot ce v\u0103 trebuie pentru a v\u0103 atinge obiectivele de s\u0103n\u0103tate \u0219i performan\u021b\u0103.\" \/>\n<meta property=\"og:url\" content=\"https:\/\/fitworldgym.ro\/hu\/\" \/>\n<meta property=\"og:site_name\" content=\"Fit World Gym\" \/>\n<meta property=\"article:modified_time\" content=\"2025-01-08T14:57:46+00:00\" \/>\n<meta name=\"twitter:card\" content=\"summary_large_image\" \/>\n<meta name=\"twitter:label1\" content=\"Becs\u00fclt olvas\u00e1si id\u0151\" \/>\n\t<meta name=\"twitter:data1\" content=\"4 perc\" \/>\n<script type=\"application\/ld+json\" class=\"yoast-schema-graph\">{\"@context\":\"https:\\\/\\\/schema.org\",\"@graph\":[{\"@type\":\"WebPage\",\"@id\":\"https:\\\/\\\/fitworldgym.ro\\\/\",\"url\":\"https:\\\/\\\/fitworldgym.ro\\\/\",\"name\":\"Home - Fit World Gym\",\"isPartOf\":{\"@id\":\"https:\\\/\\\/fitworldgym.ro\\\/#website\"},\"datePublished\":\"2022-07-09T14:36:55+00:00\",\"dateModified\":\"2025-01-08T14:57:46+00:00\",\"description\":\"La FitWorld Gym Salonta, ne angaj\u0103m s\u0103 v\u0103 oferim o experien\u021b\u0103 complet\u0103 de fitness, \u00eentr-un mediu prietenos \u0219i motivant. Fie c\u0103 sunte\u021bi la \u00eenceput de drum sau un sportiv experimentat, avem tot ce v\u0103 trebuie pentru a v\u0103 atinge obiectivele de s\u0103n\u0103tate \u0219i performan\u021b\u0103.\",\"breadcrumb\":{\"@id\":\"https:\\\/\\\/fitworldgym.ro\\\/#breadcrumb\"},\"inLanguage\":\"hu\",\"potentialAction\":[{\"@type\":\"ReadAction\",\"target\":[\"https:\\\/\\\/fitworldgym.ro\\\/\"]}]},{\"@type\":\"BreadcrumbList\",\"@id\":\"https:\\\/\\\/fitworldgym.ro\\\/#breadcrumb\",\"itemListElement\":[{\"@type\":\"ListItem\",\"position\":1,\"name\":\"Home\",\"item\":\"https:\\\/\\\/fitworldgym.ro\\\/\"},{\"@type\":\"ListItem\",\"position\":2,\"name\":\"Home\"}]},{\"@type\":\"WebSite\",\"@id\":\"https:\\\/\\\/fitworldgym.ro\\\/#website\",\"url\":\"https:\\\/\\\/fitworldgym.ro\\\/\",\"name\":\"Fit World Gym\",\"description\":\"Salonta\",\"publisher\":{\"@id\":\"https:\\\/\\\/fitworldgym.ro\\\/#organization\"},\"potentialAction\":[{\"@type\":\"SearchAction\",\"target\":{\"@type\":\"EntryPoint\",\"urlTemplate\":\"https:\\\/\\\/fitworldgym.ro\\\/?s={search_term_string}\"},\"query-input\":{\"@type\":\"PropertyValueSpecification\",\"valueRequired\":true,\"valueName\":\"search_term_string\"}}],\"inLanguage\":\"hu\"},{\"@type\":\"Organization\",\"@id\":\"https:\\\/\\\/fitworldgym.ro\\\/#organization\",\"name\":\"Fit World Gym Salonta\",\"url\":\"https:\\\/\\\/fitworldgym.ro\\\/\",\"logo\":{\"@type\":\"ImageObject\",\"inLanguage\":\"hu\",\"@id\":\"https:\\\/\\\/fitworldgym.ro\\\/#\\\/schema\\\/logo\\\/image\\\/\",\"url\":\"https:\\\/\\\/fitworldgym.ro\\\/wp-content\\\/uploads\\\/2022\\\/07\\\/logo-ftw-gym-salonta.png\",\"contentUrl\":\"https:\\\/\\\/fitworldgym.ro\\\/wp-content\\\/uploads\\\/2022\\\/07\\\/logo-ftw-gym-salonta.png\",\"width\":304,\"height\":95,\"caption\":\"Fit World Gym Salonta\"},\"image\":{\"@id\":\"https:\\\/\\\/fitworldgym.ro\\\/#\\\/schema\\\/logo\\\/image\\\/\"}}]}<\/script>\n<!-- \/ Yoast SEO plugin. -->","yoast_head_json":{"title":"Home - Fit World Gym","description":"La FitWorld Gym Salonta, ne angaj\u0103m s\u0103 v\u0103 oferim o experien\u021b\u0103 complet\u0103 de fitness, \u00eentr-un mediu prietenos \u0219i motivant. Fie c\u0103 sunte\u021bi la \u00eenceput de drum sau un sportiv experimentat, avem tot ce v\u0103 trebuie pentru a v\u0103 atinge obiectivele de s\u0103n\u0103tate \u0219i performan\u021b\u0103.","robots":{"index":"index","follow":"follow","max-snippet":"max-snippet:-1","max-image-preview":"max-image-preview:large","max-video-preview":"max-video-preview:-1"},"canonical":"https:\/\/fitworldgym.ro\/hu\/","og_locale":"hu_HU","og_type":"article","og_title":"Home - Fit World Gym","og_description":"La FitWorld Gym Salonta, ne angaj\u0103m s\u0103 v\u0103 oferim o experien\u021b\u0103 complet\u0103 de fitness, \u00eentr-un mediu prietenos \u0219i motivant. Fie c\u0103 sunte\u021bi la \u00eenceput de drum sau un sportiv experimentat, avem tot ce v\u0103 trebuie pentru a v\u0103 atinge obiectivele de s\u0103n\u0103tate \u0219i performan\u021b\u0103.","og_url":"https:\/\/fitworldgym.ro\/hu\/","og_site_name":"Fit World Gym","article_modified_time":"2025-01-08T14:57:46+00:00","twitter_card":"summary_large_image","twitter_misc":{"Becs\u00fclt olvas\u00e1si id\u0151":"4 perc"},"schema":{"@context":"https:\/\/schema.org","@graph":[{"@type":"WebPage","@id":"https:\/\/fitworldgym.ro\/","url":"https:\/\/fitworldgym.ro\/","name":"Home - Fit World Gym","isPartOf":{"@id":"https:\/\/fitworldgym.ro\/#website"},"datePublished":"2022-07-09T14:36:55+00:00","dateModified":"2025-01-08T14:57:46+00:00","description":"La FitWorld Gym Salonta, ne angaj\u0103m s\u0103 v\u0103 oferim o experien\u021b\u0103 complet\u0103 de fitness, \u00eentr-un mediu prietenos \u0219i motivant. Fie c\u0103 sunte\u021bi la \u00eenceput de drum sau un sportiv experimentat, avem tot ce v\u0103 trebuie pentru a v\u0103 atinge obiectivele de s\u0103n\u0103tate \u0219i performan\u021b\u0103.","breadcrumb":{"@id":"https:\/\/fitworldgym.ro\/#breadcrumb"},"inLanguage":"hu","potentialAction":[{"@type":"ReadAction","target":["https:\/\/fitworldgym.ro\/"]}]},{"@type":"BreadcrumbList","@id":"https:\/\/fitworldgym.ro\/#breadcrumb","itemListElement":[{"@type":"ListItem","position":1,"name":"Home","item":"https:\/\/fitworldgym.ro\/"},{"@type":"ListItem","position":2,"name":"Home"}]},{"@type":"WebSite","@id":"https:\/\/fitworldgym.ro\/#website","url":"https:\/\/fitworldgym.ro\/","name":"Fit World Gym","description":"Salonta","publisher":{"@id":"https:\/\/fitworldgym.ro\/#organization"},"potentialAction":[{"@type":"SearchAction","target":{"@type":"EntryPoint","urlTemplate":"https:\/\/fitworldgym.ro\/?s={search_term_string}"},"query-input":{"@type":"PropertyValueSpecification","valueRequired":true,"valueName":"search_term_string"}}],"inLanguage":"hu"},{"@type":"Organization","@id":"https:\/\/fitworldgym.ro\/#organization","name":"Fit World Gym Salonta","url":"https:\/\/fitworldgym.ro\/","logo":{"@type":"ImageObject","inLanguage":"hu","@id":"https:\/\/fitworldgym.ro\/#\/schema\/logo\/image\/","url":"https:\/\/fitworldgym.ro\/wp-content\/uploads\/2022\/07\/logo-ftw-gym-salonta.png","contentUrl":"https:\/\/fitworldgym.ro\/wp-content\/uploads\/2022\/07\/logo-ftw-gym-salonta.png","width":304,"height":95,"caption":"Fit World Gym Salonta"},"image":{"@id":"https:\/\/fitworldgym.ro\/#\/schema\/logo\/image\/"}}]}},"_links":{"self":[{"href":"https:\/\/fitworldgym.ro\/hu\/wp-json\/wp\/v2\/pages\/2","targetHints":{"allow":["GET"]}}],"collection":[{"href":"https:\/\/fitworldgym.ro\/hu\/wp-json\/wp\/v2\/pages"}],"about":[{"href":"https:\/\/fitworldgym.ro\/hu\/wp-json\/wp\/v2\/types\/page"}],"author":[{"embeddable":true,"href":"https:\/\/fitworldgym.ro\/hu\/wp-json\/wp\/v2\/users\/1"}],"replies":[{"embeddable":true,"href":"https:\/\/fitworldgym.ro\/hu\/wp-json\/wp\/v2\/comments?post=2"}],"version-history":[{"count":78,"href":"https:\/\/fitworldgym.ro\/hu\/wp-json\/wp\/v2\/pages\/2\/revisions"}],"predecessor-version":[{"id":462,"href":"https:\/\/fitworldgym.ro\/hu\/wp-json\/wp\/v2\/pages\/2\/revisions\/462"}],"wp:attachment":[{"href":"https:\/\/fitworldgym.ro\/hu\/wp-json\/wp\/v2\/media?parent=2"}],"curies":[{"name":"wp","href":"https:\/\/api.w.org\/{rel}","templated":true}]}}